{"id":25832,"date":"2022-09-30T06:10:59","date_gmt":"2022-09-30T10:10:59","guid":{"rendered":"https:\/\/xiting.com\/?page_id=25832"},"modified":"2026-04-07T08:49:09","modified_gmt":"2026-04-07T06:49:09","slug":"xiting-overview","status":"publish","type":"page","link":"https:\/\/xiting.com\/en\/xiting-overview\/","title":{"rendered":"Xiting Overview"},"content":{"rendered":"","protected":true},"excerpt":{"rendered":"","protected":true},"author":3,"featured_media":0,"parent":0,"menu_order":0,"comment_status":"closed","ping_status":"closed","template":"","meta":{"_acf_changed":false,"content-type":"","footnotes":""},"categories":[],"class_list":["post-25832","page","type-page","status-publish","post-password-required","hentry"],"acf":[],"yoast_head":"<!-- This site is optimized with the Yoast SEO Premium plugin v26.2 (Yoast SEO v27.3) - https:\/\/yoast.com\/product\/yoast-seo-premium-wordpress\/ -->\n<title>Atteindre la s\u00e9curit\u00e9 SAP avec Xiting<\/title>\n<meta name=\"description\" content=\"Xiting est votre expert qualifi\u00e9 en mati\u00e8re de s\u00e9curit\u00e9 SAP compl\u00e8te, d&#039;autorisations SAP, de migration S\/4HANA et bien plus encore.\" \/>\n<meta name=\"robots\" content=\"index, follow, max-snippet:-1, max-image-preview:large, max-video-preview:-1\" \/>\n<link rel=\"canonical\" href=\"https:\/\/xiting.com\/en\/xiting-overview\/\" \/>\n<meta property=\"og:locale\" content=\"en_US\" \/>\n<meta property=\"og:type\" content=\"article\" \/>\n<meta property=\"og:title\" content=\"Xiting Overview\" \/>\n<meta property=\"og:url\" content=\"https:\/\/xiting.com\/en\/xiting-overview\/\" \/>\n<meta property=\"og:site_name\" content=\"Xiting\" \/>\n<meta property=\"article:publisher\" content=\"https:\/\/www.facebook.com\/XitingAG\" \/>\n<meta property=\"article:modified_time\" content=\"2026-04-07T06:49:09+00:00\" \/>\n<meta name=\"twitter:card\" content=\"summary_large_image\" \/>\n<meta name=\"twitter:label1\" content=\"Est. reading time\" \/>\n\t<meta name=\"twitter:data1\" content=\"5 minutes\" \/>\n<script type=\"application\/ld+json\" class=\"yoast-schema-graph\">{\"@context\":\"https:\\\/\\\/schema.org\",\"@graph\":[{\"@type\":\"WebPage\",\"@id\":\"https:\\\/\\\/xiting.com\\\/en\\\/xiting-overview\\\/\",\"url\":\"https:\\\/\\\/xiting.com\\\/en\\\/xiting-overview\\\/\",\"name\":\"Atteindre la s\u00e9curit\u00e9 SAP avec Xiting\",\"isPartOf\":{\"@id\":\"https:\\\/\\\/xiting.com\\\/en\\\/#website\"},\"datePublished\":\"2022-09-30T10:10:59+00:00\",\"dateModified\":\"2026-04-07T06:49:09+00:00\",\"breadcrumb\":{\"@id\":\"https:\\\/\\\/xiting.com\\\/en\\\/xiting-overview\\\/#breadcrumb\"},\"inLanguage\":\"en-US\"},{\"@type\":\"WebSite\",\"@id\":\"https:\\\/\\\/xiting.com\\\/en\\\/#website\",\"url\":\"https:\\\/\\\/xiting.com\\\/en\\\/\",\"name\":\"Xiting\",\"description\":\"Your Expert for SAP Security\",\"publisher\":{\"@id\":\"https:\\\/\\\/xiting.com\\\/en\\\/#organization\"},\"potentialAction\":[{\"@type\":\"SearchAction\",\"target\":{\"@type\":\"EntryPoint\",\"urlTemplate\":\"https:\\\/\\\/xiting.com\\\/en\\\/?s={search_term_string}\"},\"query-input\":{\"@type\":\"PropertyValueSpecification\",\"valueRequired\":true,\"valueName\":\"search_term_string\"}}],\"inLanguage\":\"en-US\"},{\"@type\":\"Organization\",\"@id\":\"https:\\\/\\\/xiting.com\\\/en\\\/#organization\",\"name\":\"Xiting\",\"url\":\"https:\\\/\\\/xiting.com\\\/en\\\/\",\"logo\":{\"@type\":\"ImageObject\",\"inLanguage\":\"en-US\",\"@id\":\"https:\\\/\\\/xiting.com\\\/en\\\/#\\\/schema\\\/logo\\\/image\\\/\",\"url\":\"https:\\\/\\\/xiting.com\\\/wp-content\\\/uploads\\\/2019\\\/08\\\/xiting-logo.svg\",\"contentUrl\":\"https:\\\/\\\/xiting.com\\\/wp-content\\\/uploads\\\/2019\\\/08\\\/xiting-logo.svg\",\"width\":1,\"height\":1,\"caption\":\"Xiting\"},\"image\":{\"@id\":\"https:\\\/\\\/xiting.com\\\/en\\\/#\\\/schema\\\/logo\\\/image\\\/\"},\"sameAs\":[\"https:\\\/\\\/www.facebook.com\\\/XitingAG\",\"https:\\\/\\\/www.linkedin.com\\\/company\\\/1345129\\\/\",\"https:\\\/\\\/www.instagram.com\\\/xiting.global\\\/\"]}]}<\/script>\n<!-- \/ Yoast SEO Premium plugin. -->","yoast_head_json":{"title":"Atteindre la s\u00e9curit\u00e9 SAP avec Xiting","description":"Xiting est votre expert qualifi\u00e9 en mati\u00e8re de s\u00e9curit\u00e9 SAP compl\u00e8te, d'autorisations SAP, de migration S\/4HANA et bien plus encore.","robots":{"index":"index","follow":"follow","max-snippet":"max-snippet:-1","max-image-preview":"max-image-preview:large","max-video-preview":"max-video-preview:-1"},"canonical":"https:\/\/xiting.com\/en\/xiting-overview\/","og_locale":"en_US","og_type":"article","og_title":"Xiting Overview","og_url":"https:\/\/xiting.com\/en\/xiting-overview\/","og_site_name":"Xiting","article_publisher":"https:\/\/www.facebook.com\/XitingAG","article_modified_time":"2026-04-07T06:49:09+00:00","twitter_card":"summary_large_image","twitter_misc":{"Est. reading time":"5 minutes"},"schema":{"@context":"https:\/\/schema.org","@graph":[{"@type":"WebPage","@id":"https:\/\/xiting.com\/en\/xiting-overview\/","url":"https:\/\/xiting.com\/en\/xiting-overview\/","name":"Atteindre la s\u00e9curit\u00e9 SAP avec Xiting","isPartOf":{"@id":"https:\/\/xiting.com\/en\/#website"},"datePublished":"2022-09-30T10:10:59+00:00","dateModified":"2026-04-07T06:49:09+00:00","breadcrumb":{"@id":"https:\/\/xiting.com\/en\/xiting-overview\/#breadcrumb"},"inLanguage":"en-US"},{"@type":"WebSite","@id":"https:\/\/xiting.com\/en\/#website","url":"https:\/\/xiting.com\/en\/","name":"Xiting","description":"Your Expert for SAP Security","publisher":{"@id":"https:\/\/xiting.com\/en\/#organization"},"potentialAction":[{"@type":"SearchAction","target":{"@type":"EntryPoint","urlTemplate":"https:\/\/xiting.com\/en\/?s={search_term_string}"},"query-input":{"@type":"PropertyValueSpecification","valueRequired":true,"valueName":"search_term_string"}}],"inLanguage":"en-US"},{"@type":"Organization","@id":"https:\/\/xiting.com\/en\/#organization","name":"Xiting","url":"https:\/\/xiting.com\/en\/","logo":{"@type":"ImageObject","inLanguage":"en-US","@id":"https:\/\/xiting.com\/en\/#\/schema\/logo\/image\/","url":"https:\/\/xiting.com\/wp-content\/uploads\/2019\/08\/xiting-logo.svg","contentUrl":"https:\/\/xiting.com\/wp-content\/uploads\/2019\/08\/xiting-logo.svg","width":1,"height":1,"caption":"Xiting"},"image":{"@id":"https:\/\/xiting.com\/en\/#\/schema\/logo\/image\/"},"sameAs":["https:\/\/www.facebook.com\/XitingAG","https:\/\/www.linkedin.com\/company\/1345129\/","https:\/\/www.instagram.com\/xiting.global\/"]}]}},"_links":{"self":[{"href":"https:\/\/xiting.com\/en\/wp-json\/wp\/v2\/pages\/25832","targetHints":{"allow":["GET"]}}],"collection":[{"href":"https:\/\/xiting.com\/en\/wp-json\/wp\/v2\/pages"}],"about":[{"href":"https:\/\/xiting.com\/en\/wp-json\/wp\/v2\/types\/page"}],"author":[{"embeddable":true,"href":"https:\/\/xiting.com\/en\/wp-json\/wp\/v2\/users\/3"}],"replies":[{"embeddable":true,"href":"https:\/\/xiting.com\/en\/wp-json\/wp\/v2\/comments?post=25832"}],"version-history":[{"count":10,"href":"https:\/\/xiting.com\/en\/wp-json\/wp\/v2\/pages\/25832\/revisions"}],"predecessor-version":[{"id":27463,"href":"https:\/\/xiting.com\/en\/wp-json\/wp\/v2\/pages\/25832\/revisions\/27463"}],"wp:attachment":[{"href":"https:\/\/xiting.com\/en\/wp-json\/wp\/v2\/media?parent=25832"}],"wp:term":[{"taxonomy":"category","embeddable":true,"href":"https:\/\/xiting.com\/en\/wp-json\/wp\/v2\/categories?post=25832"}],"curies":[{"name":"wp","href":"https:\/\/api.w.org\/{rel}","templated":true}]}}