{"id":5647,"date":"2019-11-08T11:05:09","date_gmt":"2019-11-08T10:05:09","guid":{"rendered":"https:\/\/xiting.mewigo.com\/?page_id=5647"},"modified":"2025-09-09T12:18:45","modified_gmt":"2025-09-09T10:18:45","slug":"anmeldung-zum-webinar","status":"publish","type":"page","link":"https:\/\/xiting.com\/de\/webinare\/anmeldung-zum-webinar\/","title":{"rendered":"Anmeldung zum Webinar"},"content":{"rendered":"\t\t<div data-elementor-type=\"wp-page\" data-elementor-id=\"5647\" class=\"elementor elementor-5647\" data-elementor-post-type=\"page\">\n\t\t\t\t<div class=\"elementor-element elementor-element-b8e9b37 e-flex e-con-boxed e-con e-parent\" data-id=\"b8e9b37\" data-element_type=\"container\" data-e-type=\"container\">\n\t\t\t\t\t<div class=\"e-con-inner\">\n\t\t<div class=\"elementor-element elementor-element-93c725d e-con-full e-flex e-con e-child\" data-id=\"93c725d\" data-element_type=\"container\" data-e-type=\"container\">\n\t\t<div class=\"elementor-element elementor-element-047d50a e-con-full e-flex e-con e-child\" data-id=\"047d50a\" data-element_type=\"container\" data-e-type=\"container\">\n\t\t<div class=\"elementor-element elementor-element-46538ba e-con-full e-flex e-con e-child\" data-id=\"46538ba\" data-element_type=\"container\" data-e-type=\"container\">\n\t\t<div class=\"elementor-element elementor-element-685bce5 elementor-hidden-mobile e-flex e-con-boxed e-con e-child\" data-id=\"685bce5\" data-element_type=\"container\" data-e-type=\"container\" data-settings=\"{&quot;background_background&quot;:&quot;classic&quot;}\">\n\t\t\t\t\t<div class=\"e-con-inner\">\n\t\t\t\t<div class=\"elementor-element elementor-element-336f503 elementor-widget-mobile__width-initial elementor-widget elementor-widget-button\" data-id=\"336f503\" data-element_type=\"widget\" data-e-type=\"widget\" data-widget_type=\"button.default\">\n\t\t\t\t<div class=\"elementor-widget-container\">\n\t\t\t\t\t\t\t\t\t<div class=\"elementor-button-wrapper\">\n\t\t\t\t\t<a class=\"elementor-button elementor-button-link elementor-size-xs\" href=\"https:\/\/xiting.com\/de\/\">\n\t\t\t\t\t\t<span class=\"elementor-button-content-wrapper\">\n\t\t\t\t\t\t<span class=\"elementor-button-icon\">\n\t\t\t\t<i aria-hidden=\"true\" class=\"fas fa-home\"><\/i>\t\t\t<\/span>\n\t\t\t\t\t\t\t\t<\/span>\n\t\t\t\t\t<\/a>\n\t\t\t\t<\/div>\n\t\t\t\t\t\t\t\t<\/div>\n\t\t\t\t<\/div>\n\t\t\t\t<div class=\"elementor-element elementor-element-f6e0915 elementor-widget elementor-widget-text-editor\" data-id=\"f6e0915\" data-element_type=\"widget\" data-e-type=\"widget\" data-widget_type=\"text-editor.default\">\n\t\t\t\t<div class=\"elementor-widget-container\">\n\t\t\t\t\t\t\t\t\t<p>\/<\/p>\n\t\t\t\t\t\t\t\t<\/div>\n\t\t\t\t<\/div>\n\t\t\t\t<div class=\"elementor-element elementor-element-4424b70 elementor-widget-mobile__width-initial elementor-widget elementor-widget-button\" data-id=\"4424b70\" data-element_type=\"widget\" data-e-type=\"widget\" data-widget_type=\"button.default\">\n\t\t\t\t<div class=\"elementor-widget-container\">\n\t\t\t\t\t\t\t\t\t<div class=\"elementor-button-wrapper\">\n\t\t\t\t\t<a class=\"elementor-button elementor-size-xs\" role=\"button\">\n\t\t\t\t\t\t<span class=\"elementor-button-content-wrapper\">\n\t\t\t\t\t\t\t\t\t<span class=\"elementor-button-text\">Ressourcen<\/span>\n\t\t\t\t\t<\/span>\n\t\t\t\t\t<\/a>\n\t\t\t\t<\/div>\n\t\t\t\t\t\t\t\t<\/div>\n\t\t\t\t<\/div>\n\t\t\t\t<div class=\"elementor-element elementor-element-33a4150 elementor-widget elementor-widget-text-editor\" data-id=\"33a4150\" data-element_type=\"widget\" data-e-type=\"widget\" data-widget_type=\"text-editor.default\">\n\t\t\t\t<div class=\"elementor-widget-container\">\n\t\t\t\t\t\t\t\t\t<p>\/<\/p>\n\t\t\t\t\t\t\t\t<\/div>\n\t\t\t\t<\/div>\n\t\t\t\t<div class=\"elementor-element elementor-element-3ffe169 elementor-widget-mobile__width-initial elementor-widget elementor-widget-button\" data-id=\"3ffe169\" data-element_type=\"widget\" data-e-type=\"widget\" data-widget_type=\"button.default\">\n\t\t\t\t<div class=\"elementor-widget-container\">\n\t\t\t\t\t\t\t\t\t<div class=\"elementor-button-wrapper\">\n\t\t\t\t\t<a class=\"elementor-button elementor-button-link elementor-size-xs\" href=\"https:\/\/xiting.com\/de\/events\/\">\n\t\t\t\t\t\t<span class=\"elementor-button-content-wrapper\">\n\t\t\t\t\t\t\t\t\t<span class=\"elementor-button-text\">Events und Webinare<\/span>\n\t\t\t\t\t<\/span>\n\t\t\t\t\t<\/a>\n\t\t\t\t<\/div>\n\t\t\t\t\t\t\t\t<\/div>\n\t\t\t\t<\/div>\n\t\t\t\t\t<\/div>\n\t\t\t\t<\/div>\n\t\t\t\t<\/div>\n\t\t<div class=\"elementor-element elementor-element-1f444e2 animated-fast e-con-full e-flex elementor-invisible e-con e-child\" data-id=\"1f444e2\" data-element_type=\"container\" data-e-type=\"container\" data-settings=\"{&quot;animation&quot;:&quot;fadeInUp&quot;}\">\n\t\t\t\t<div class=\"elementor-element elementor-element-57c77ee elementor-widget__width-initial elementor-invisible elementor-widget elementor-widget-heading\" data-id=\"57c77ee\" data-element_type=\"widget\" data-e-type=\"widget\" data-settings=\"{&quot;_animation&quot;:&quot;fadeInUp&quot;}\" data-widget_type=\"heading.default\">\n\t\t\t\t<div class=\"elementor-widget-container\">\n\t\t\t\t\t<h1 class=\"elementor-heading-title elementor-size-default\">Xiting Webinare<\/h1>\t\t\t\t<\/div>\n\t\t\t\t<\/div>\n\t\t\t\t<div class=\"elementor-element elementor-element-638e6f0 elementor-widget__width-initial elementor-invisible elementor-widget elementor-widget-heading\" data-id=\"638e6f0\" data-element_type=\"widget\" data-e-type=\"widget\" data-settings=\"{&quot;_animation&quot;:&quot;fadeInUp&quot;,&quot;_animation_delay&quot;:100}\" data-widget_type=\"heading.default\">\n\t\t\t\t<div class=\"elementor-widget-container\">\n\t\t\t\t\t<h2 class=\"elementor-heading-title elementor-size-default\">Erweitern Sie Ihr SAP Security Know-how mit exklusiven Einblicken von unseren Experten<\/h2>\t\t\t\t<\/div>\n\t\t\t\t<\/div>\n\t\t\t\t<\/div>\n\t\t\t\t<\/div>\n\t\t\t\t<\/div>\n\t\t\t\t\t<\/div>\n\t\t\t\t<\/div>\n\t\t<div class=\"elementor-element elementor-element-80971da e-flex e-con-boxed e-con e-parent\" data-id=\"80971da\" data-element_type=\"container\" data-e-type=\"container\">\n\t\t\t\t\t<div class=\"e-con-inner\">\n\t\t\t\t<div class=\"elementor-element elementor-element-9dd1f5d elementor-widget elementor-widget-shortcode\" data-id=\"9dd1f5d\" data-element_type=\"widget\" data-e-type=\"widget\" data-widget_type=\"shortcode.default\">\n\t\t\t\t<div class=\"elementor-widget-container\">\n\t\t\t\t\t\t\t<div class=\"elementor-shortcode\"><\/div>\n\t\t\t\t\t\t<\/div>\n\t\t\t\t<\/div>\n\t\t\t\t\t<\/div>\n\t\t\t\t<\/div>\n\t\t<div class=\"elementor-element elementor-element-ecdfdd0 e-flex e-con-boxed e-con e-parent\" data-id=\"ecdfdd0\" data-element_type=\"container\" data-e-type=\"container\">\n\t\t\t\t\t<div class=\"e-con-inner\">\n\t\t\t\t<div class=\"elementor-element elementor-element-28668d9 elementor-widget__width-initial elementor-widget elementor-widget-heading\" data-id=\"28668d9\" data-element_type=\"widget\" data-e-type=\"widget\" data-widget_type=\"heading.default\">\n\t\t\t\t<div class=\"elementor-widget-container\">\n\t\t\t\t\t<h2 class=\"elementor-heading-title elementor-size-default\">* Datenschutz<\/h2>\t\t\t\t<\/div>\n\t\t\t\t<\/div>\n\t\t\t\t<div class=\"elementor-element elementor-element-8c6ed80 elementor-widget elementor-widget-text-editor\" data-id=\"8c6ed80\" data-element_type=\"widget\" data-e-type=\"widget\" data-widget_type=\"text-editor.default\">\n\t\t\t\t<div class=\"elementor-widget-container\">\n\t\t\t\t\t\t\t\t\t<p>Durch Ankreuzen dieses K\u00e4stchens erkl\u00e4ren Sie sich damit einverstanden, dass Ihre Kontaktangaben durch die Xiting GmbH zum Zwecke von Marketing-Ma\u00dfnahmen f\u00fcr Informationen zu unseren Leistungen, Produkten, Veranstaltungen, unserem Unternehmen und Themen zur SAP Security verwendet werden d\u00fcrfen. Ihre Einwilligung k\u00f6nnen Sie jederzeit gegen\u00fcber der Xiting GmbH widerrufen. Alle hier bereitgestellten Informationen werden ausschlie\u00dflich in \u00dcbereinstimmung mit der <a href=\"https:\/\/xiting.com\/de\/xiting-datenschutz\/\">Datenschutzerkl\u00e4rung <\/a>verwendet.\u00a0<\/p>\t\t\t\t\t\t\t\t<\/div>\n\t\t\t\t<\/div>\n\t\t\t\t\t<\/div>\n\t\t\t\t<\/div>\n\t\t\t\t<\/div>\n\t\t","protected":false},"excerpt":{"rendered":"<p>\/ Ressourcen \/ Events und Webinare Xiting Webinare Erweitern Sie Ihr SAP Security Know-how mit exklusiven Einblicken von unseren Experten * Datenschutz Durch Ankreuzen dieses K\u00e4stchens erkl\u00e4ren Sie sich damit einverstanden, dass Ihre Kontaktangaben durch die Xiting GmbH zum Zwecke von Marketing-Ma\u00dfnahmen f\u00fcr Informationen zu unseren Leistungen, Produkten, Veranstaltungen, unserem Unternehmen und Themen zur SAP [&hellip;]<\/p>\n","protected":false},"author":79,"featured_media":33052,"parent":4725,"menu_order":0,"comment_status":"closed","ping_status":"closed","template":"","meta":{"_acf_changed":false,"content-type":"","footnotes":""},"categories":[],"class_list":["post-5647","page","type-page","status-publish","has-post-thumbnail","hentry"],"acf":[],"yoast_head":"<!-- This site is optimized with the Yoast SEO Premium plugin v26.2 (Yoast SEO v27.3) - https:\/\/yoast.com\/product\/yoast-seo-premium-wordpress\/ -->\n<title>Anmeldung zum Webinar - Xiting<\/title>\n<meta name=\"robots\" content=\"noindex, nofollow\" \/>\n<meta property=\"og:locale\" content=\"de_DE\" \/>\n<meta property=\"og:type\" content=\"article\" \/>\n<meta property=\"og:title\" content=\"Anmeldung zum Webinar\" \/>\n<meta property=\"og:description\" content=\"\/ Ressourcen \/ Events und Webinare Xiting Webinare Erweitern Sie Ihr SAP Security Know-how mit exklusiven Einblicken von unseren Experten * Datenschutz\" \/>\n<meta property=\"og:url\" content=\"https:\/\/xiting.com\/de\/webinare\/anmeldung-zum-webinar\/\" \/>\n<meta property=\"og:site_name\" content=\"Xiting\" \/>\n<meta property=\"article:publisher\" content=\"https:\/\/www.facebook.com\/XitingAG\" \/>\n<meta property=\"article:modified_time\" content=\"2025-09-09T10:18:45+00:00\" \/>\n<meta property=\"og:image\" content=\"https:\/\/xiting.com\/wp-content\/uploads\/2023\/10\/microsoftteams-image-2-1-scaled.jpg\" \/>\n\t<meta property=\"og:image:width\" content=\"2560\" \/>\n\t<meta property=\"og:image:height\" content=\"1383\" \/>\n\t<meta property=\"og:image:type\" content=\"image\/jpeg\" \/>\n<meta name=\"twitter:card\" content=\"summary_large_image\" \/>\n<meta name=\"twitter:label1\" content=\"Gesch\u00e4tzte Lesezeit\" \/>\n\t<meta name=\"twitter:data1\" content=\"1 minute\" \/>\n<script type=\"application\/ld+json\" class=\"yoast-schema-graph\">{\"@context\":\"https:\\\/\\\/schema.org\",\"@graph\":[{\"@type\":\"WebPage\",\"@id\":\"https:\\\/\\\/xiting.com\\\/de\\\/webinare\\\/anmeldung-zum-webinar\\\/\",\"url\":\"https:\\\/\\\/xiting.com\\\/de\\\/webinare\\\/anmeldung-zum-webinar\\\/\",\"name\":\"Anmeldung zum Webinar - Xiting\",\"isPartOf\":{\"@id\":\"https:\\\/\\\/xiting.com\\\/de\\\/#website\"},\"primaryImageOfPage\":{\"@id\":\"https:\\\/\\\/xiting.com\\\/de\\\/webinare\\\/anmeldung-zum-webinar\\\/#primaryimage\"},\"image\":{\"@id\":\"https:\\\/\\\/xiting.com\\\/de\\\/webinare\\\/anmeldung-zum-webinar\\\/#primaryimage\"},\"thumbnailUrl\":\"https:\\\/\\\/xiting.com\\\/wp-content\\\/uploads\\\/2023\\\/10\\\/microsoftteams-image-2-1-scaled.jpg\",\"datePublished\":\"2019-11-08T10:05:09+00:00\",\"dateModified\":\"2025-09-09T10:18:45+00:00\",\"breadcrumb\":{\"@id\":\"https:\\\/\\\/xiting.com\\\/de\\\/webinare\\\/anmeldung-zum-webinar\\\/#breadcrumb\"},\"inLanguage\":\"de-DE\",\"potentialAction\":[{\"@type\":\"ReadAction\",\"target\":[\"https:\\\/\\\/xiting.com\\\/de\\\/webinare\\\/anmeldung-zum-webinar\\\/\"]}]},{\"@type\":\"ImageObject\",\"inLanguage\":\"de-DE\",\"@id\":\"https:\\\/\\\/xiting.com\\\/de\\\/webinare\\\/anmeldung-zum-webinar\\\/#primaryimage\",\"url\":\"https:\\\/\\\/xiting.com\\\/wp-content\\\/uploads\\\/2023\\\/10\\\/microsoftteams-image-2-1-scaled.jpg\",\"contentUrl\":\"https:\\\/\\\/xiting.com\\\/wp-content\\\/uploads\\\/2023\\\/10\\\/microsoftteams-image-2-1-scaled.jpg\",\"width\":2560,\"height\":1383},{\"@type\":\"BreadcrumbList\",\"@id\":\"https:\\\/\\\/xiting.com\\\/de\\\/webinare\\\/anmeldung-zum-webinar\\\/#breadcrumb\",\"itemListElement\":[{\"@type\":\"ListItem\",\"position\":1,\"name\":\"Home\",\"item\":\"https:\\\/\\\/xiting.com\\\/de\\\/\"},{\"@type\":\"ListItem\",\"position\":2,\"name\":\"Webinare\",\"item\":\"https:\\\/\\\/xiting.com\\\/de\\\/webinare\\\/\"},{\"@type\":\"ListItem\",\"position\":3,\"name\":\"Anmeldung zum Webinar\"}]},{\"@type\":\"WebSite\",\"@id\":\"https:\\\/\\\/xiting.com\\\/de\\\/#website\",\"url\":\"https:\\\/\\\/xiting.com\\\/de\\\/\",\"name\":\"Xiting\",\"description\":\"Your Expert for SAP Security\",\"publisher\":{\"@id\":\"https:\\\/\\\/xiting.com\\\/de\\\/#organization\"},\"potentialAction\":[{\"@type\":\"SearchAction\",\"target\":{\"@type\":\"EntryPoint\",\"urlTemplate\":\"https:\\\/\\\/xiting.com\\\/de\\\/?s={search_term_string}\"},\"query-input\":{\"@type\":\"PropertyValueSpecification\",\"valueRequired\":true,\"valueName\":\"search_term_string\"}}],\"inLanguage\":\"de-DE\"},{\"@type\":\"Organization\",\"@id\":\"https:\\\/\\\/xiting.com\\\/de\\\/#organization\",\"name\":\"Xiting\",\"url\":\"https:\\\/\\\/xiting.com\\\/de\\\/\",\"logo\":{\"@type\":\"ImageObject\",\"inLanguage\":\"de-DE\",\"@id\":\"https:\\\/\\\/xiting.com\\\/de\\\/#\\\/schema\\\/logo\\\/image\\\/\",\"url\":\"https:\\\/\\\/xiting.com\\\/wp-content\\\/uploads\\\/2019\\\/08\\\/xiting-logo.svg\",\"contentUrl\":\"https:\\\/\\\/xiting.com\\\/wp-content\\\/uploads\\\/2019\\\/08\\\/xiting-logo.svg\",\"width\":1,\"height\":1,\"caption\":\"Xiting\"},\"image\":{\"@id\":\"https:\\\/\\\/xiting.com\\\/de\\\/#\\\/schema\\\/logo\\\/image\\\/\"},\"sameAs\":[\"https:\\\/\\\/www.facebook.com\\\/XitingAG\",\"https:\\\/\\\/www.linkedin.com\\\/company\\\/1345129\\\/\",\"https:\\\/\\\/www.instagram.com\\\/xiting.global\\\/\"]}]}<\/script>\n<!-- \/ Yoast SEO Premium plugin. -->","yoast_head_json":{"title":"Anmeldung zum Webinar - Xiting","robots":{"index":"noindex","follow":"nofollow"},"og_locale":"de_DE","og_type":"article","og_title":"Anmeldung zum Webinar","og_description":"\/ Ressourcen \/ Events und Webinare Xiting Webinare Erweitern Sie Ihr SAP Security Know-how mit exklusiven Einblicken von unseren Experten * Datenschutz","og_url":"https:\/\/xiting.com\/de\/webinare\/anmeldung-zum-webinar\/","og_site_name":"Xiting","article_publisher":"https:\/\/www.facebook.com\/XitingAG","article_modified_time":"2025-09-09T10:18:45+00:00","og_image":[{"width":2560,"height":1383,"url":"https:\/\/xiting.com\/wp-content\/uploads\/2023\/10\/microsoftteams-image-2-1-scaled.jpg","type":"image\/jpeg"}],"twitter_card":"summary_large_image","twitter_misc":{"Gesch\u00e4tzte Lesezeit":"1 minute"},"schema":{"@context":"https:\/\/schema.org","@graph":[{"@type":"WebPage","@id":"https:\/\/xiting.com\/de\/webinare\/anmeldung-zum-webinar\/","url":"https:\/\/xiting.com\/de\/webinare\/anmeldung-zum-webinar\/","name":"Anmeldung zum Webinar - Xiting","isPartOf":{"@id":"https:\/\/xiting.com\/de\/#website"},"primaryImageOfPage":{"@id":"https:\/\/xiting.com\/de\/webinare\/anmeldung-zum-webinar\/#primaryimage"},"image":{"@id":"https:\/\/xiting.com\/de\/webinare\/anmeldung-zum-webinar\/#primaryimage"},"thumbnailUrl":"https:\/\/xiting.com\/wp-content\/uploads\/2023\/10\/microsoftteams-image-2-1-scaled.jpg","datePublished":"2019-11-08T10:05:09+00:00","dateModified":"2025-09-09T10:18:45+00:00","breadcrumb":{"@id":"https:\/\/xiting.com\/de\/webinare\/anmeldung-zum-webinar\/#breadcrumb"},"inLanguage":"de-DE","potentialAction":[{"@type":"ReadAction","target":["https:\/\/xiting.com\/de\/webinare\/anmeldung-zum-webinar\/"]}]},{"@type":"ImageObject","inLanguage":"de-DE","@id":"https:\/\/xiting.com\/de\/webinare\/anmeldung-zum-webinar\/#primaryimage","url":"https:\/\/xiting.com\/wp-content\/uploads\/2023\/10\/microsoftteams-image-2-1-scaled.jpg","contentUrl":"https:\/\/xiting.com\/wp-content\/uploads\/2023\/10\/microsoftteams-image-2-1-scaled.jpg","width":2560,"height":1383},{"@type":"BreadcrumbList","@id":"https:\/\/xiting.com\/de\/webinare\/anmeldung-zum-webinar\/#breadcrumb","itemListElement":[{"@type":"ListItem","position":1,"name":"Home","item":"https:\/\/xiting.com\/de\/"},{"@type":"ListItem","position":2,"name":"Webinare","item":"https:\/\/xiting.com\/de\/webinare\/"},{"@type":"ListItem","position":3,"name":"Anmeldung zum Webinar"}]},{"@type":"WebSite","@id":"https:\/\/xiting.com\/de\/#website","url":"https:\/\/xiting.com\/de\/","name":"Xiting","description":"Your Expert for SAP Security","publisher":{"@id":"https:\/\/xiting.com\/de\/#organization"},"potentialAction":[{"@type":"SearchAction","target":{"@type":"EntryPoint","urlTemplate":"https:\/\/xiting.com\/de\/?s={search_term_string}"},"query-input":{"@type":"PropertyValueSpecification","valueRequired":true,"valueName":"search_term_string"}}],"inLanguage":"de-DE"},{"@type":"Organization","@id":"https:\/\/xiting.com\/de\/#organization","name":"Xiting","url":"https:\/\/xiting.com\/de\/","logo":{"@type":"ImageObject","inLanguage":"de-DE","@id":"https:\/\/xiting.com\/de\/#\/schema\/logo\/image\/","url":"https:\/\/xiting.com\/wp-content\/uploads\/2019\/08\/xiting-logo.svg","contentUrl":"https:\/\/xiting.com\/wp-content\/uploads\/2019\/08\/xiting-logo.svg","width":1,"height":1,"caption":"Xiting"},"image":{"@id":"https:\/\/xiting.com\/de\/#\/schema\/logo\/image\/"},"sameAs":["https:\/\/www.facebook.com\/XitingAG","https:\/\/www.linkedin.com\/company\/1345129\/","https:\/\/www.instagram.com\/xiting.global\/"]}]}},"_links":{"self":[{"href":"https:\/\/xiting.com\/de\/wp-json\/wp\/v2\/pages\/5647","targetHints":{"allow":["GET"]}}],"collection":[{"href":"https:\/\/xiting.com\/de\/wp-json\/wp\/v2\/pages"}],"about":[{"href":"https:\/\/xiting.com\/de\/wp-json\/wp\/v2\/types\/page"}],"author":[{"embeddable":true,"href":"https:\/\/xiting.com\/de\/wp-json\/wp\/v2\/users\/79"}],"replies":[{"embeddable":true,"href":"https:\/\/xiting.com\/de\/wp-json\/wp\/v2\/comments?post=5647"}],"version-history":[{"count":10,"href":"https:\/\/xiting.com\/de\/wp-json\/wp\/v2\/pages\/5647\/revisions"}],"predecessor-version":[{"id":51901,"href":"https:\/\/xiting.com\/de\/wp-json\/wp\/v2\/pages\/5647\/revisions\/51901"}],"up":[{"embeddable":true,"href":"https:\/\/xiting.com\/de\/wp-json\/wp\/v2\/pages\/4725"}],"wp:featuredmedia":[{"embeddable":true,"href":"https:\/\/xiting.com\/de\/wp-json\/wp\/v2\/media\/33052"}],"wp:attachment":[{"href":"https:\/\/xiting.com\/de\/wp-json\/wp\/v2\/media?parent=5647"}],"wp:term":[{"taxonomy":"category","embeddable":true,"href":"https:\/\/xiting.com\/de\/wp-json\/wp\/v2\/categories?post=5647"}],"curies":[{"name":"wp","href":"https:\/\/api.w.org\/{rel}","templated":true}]}}