{"id":229,"date":"2019-10-02T14:11:57","date_gmt":"2019-10-02T12:11:57","guid":{"rendered":"https:\/\/xiting.mewigo.com\/?page_id=229"},"modified":"2025-12-16T14:09:45","modified_gmt":"2025-12-16T13:09:45","slug":"xiting-impressum","status":"publish","type":"page","link":"https:\/\/xiting.com\/de\/xiting-impressum\/","title":{"rendered":"Impressum"},"content":{"rendered":"\t\t<div data-elementor-type=\"wp-post\" data-elementor-id=\"229\" class=\"elementor elementor-229\" data-elementor-post-type=\"page\">\n\t\t\t\t<div class=\"elementor-element elementor-element-a6a8bce e-flex e-con-boxed e-con e-parent\" data-id=\"a6a8bce\" data-element_type=\"container\" data-e-type=\"container\">\n\t\t\t\t\t<div class=\"e-con-inner\">\n\t\t<div class=\"elementor-element elementor-element-c424630 e-con-full e-flex e-con e-child\" data-id=\"c424630\" data-element_type=\"container\" data-e-type=\"container\">\n\t\t<div class=\"elementor-element elementor-element-08170c3 elementor-hidden-mobile e-con-full e-flex e-con e-child\" data-id=\"08170c3\" data-element_type=\"container\" data-e-type=\"container\" data-settings=\"{&quot;background_background&quot;:&quot;classic&quot;}\">\n\t\t\t\t<div class=\"elementor-element elementor-element-e153faf elementor-widget-mobile__width-initial elementor-widget elementor-widget-button\" data-id=\"e153faf\" data-element_type=\"widget\" data-e-type=\"widget\" data-widget_type=\"button.default\">\n\t\t\t\t<div class=\"elementor-widget-container\">\n\t\t\t\t\t\t\t\t\t<div class=\"elementor-button-wrapper\">\n\t\t\t\t\t<a class=\"elementor-button elementor-button-link elementor-size-xs\" href=\"https:\/\/xiting.com\/de\/\">\n\t\t\t\t\t\t<span class=\"elementor-button-content-wrapper\">\n\t\t\t\t\t\t<span class=\"elementor-button-icon\">\n\t\t\t\t<i aria-hidden=\"true\" class=\"fas fa-home\"><\/i>\t\t\t<\/span>\n\t\t\t\t\t\t\t\t<\/span>\n\t\t\t\t\t<\/a>\n\t\t\t\t<\/div>\n\t\t\t\t\t\t\t\t<\/div>\n\t\t\t\t<\/div>\n\t\t\t\t<div class=\"elementor-element elementor-element-61e3491 elementor-widget elementor-widget-text-editor\" data-id=\"61e3491\" data-element_type=\"widget\" data-e-type=\"widget\" data-widget_type=\"text-editor.default\">\n\t\t\t\t<div class=\"elementor-widget-container\">\n\t\t\t\t\t\t\t\t\t<p>\/<\/p>\n\t\t\t\t\t\t\t\t<\/div>\n\t\t\t\t<\/div>\n\t\t\t\t<div class=\"elementor-element elementor-element-2541042 elementor-widget-mobile__width-initial elementor-widget elementor-widget-button\" data-id=\"2541042\" data-element_type=\"widget\" data-e-type=\"widget\" data-widget_type=\"button.default\">\n\t\t\t\t<div class=\"elementor-widget-container\">\n\t\t\t\t\t\t\t\t\t<div class=\"elementor-button-wrapper\">\n\t\t\t\t\t<a class=\"elementor-button elementor-button-link elementor-size-xs\" href=\"https:\/\/xiting.com\/de\/xiting-impressum\/\">\n\t\t\t\t\t\t<span class=\"elementor-button-content-wrapper\">\n\t\t\t\t\t\t\t\t\t<span class=\"elementor-button-text\">Impressum<\/span>\n\t\t\t\t\t<\/span>\n\t\t\t\t\t<\/a>\n\t\t\t\t<\/div>\n\t\t\t\t\t\t\t\t<\/div>\n\t\t\t\t<\/div>\n\t\t\t\t<\/div>\n\t\t\t\t<div class=\"elementor-element elementor-element-9bc6af5 elementor-widget__width-initial elementor-invisible elementor-widget elementor-widget-heading\" data-id=\"9bc6af5\" data-element_type=\"widget\" data-e-type=\"widget\" data-settings=\"{&quot;_animation&quot;:&quot;fadeInUp&quot;}\" data-widget_type=\"heading.default\">\n\t\t\t\t<div class=\"elementor-widget-container\">\n\t\t\t\t\t<h1 class=\"elementor-heading-title elementor-size-default\">Xiting Impressum<\/h1>\t\t\t\t<\/div>\n\t\t\t\t<\/div>\n\t\t\t\t<div class=\"elementor-element elementor-element-04993f6 elementor-widget elementor-widget-spacer\" data-id=\"04993f6\" data-element_type=\"widget\" data-e-type=\"widget\" data-widget_type=\"spacer.default\">\n\t\t\t\t<div class=\"elementor-widget-container\">\n\t\t\t\t\t\t\t<div class=\"elementor-spacer\">\n\t\t\t<div class=\"elementor-spacer-inner\"><\/div>\n\t\t<\/div>\n\t\t\t\t\t\t<\/div>\n\t\t\t\t<\/div>\n\t\t\t\t<div class=\"elementor-element elementor-element-389eb13 elementor-widget__width-initial elementor-invisible elementor-widget elementor-widget-heading\" data-id=\"389eb13\" data-element_type=\"widget\" data-e-type=\"widget\" data-settings=\"{&quot;_animation&quot;:&quot;fadeInUp&quot;}\" data-widget_type=\"heading.default\">\n\t\t\t\t<div class=\"elementor-widget-container\">\n\t\t\t\t\t<h2 class=\"elementor-heading-title elementor-size-default\">Kontaktadresse<\/h2>\t\t\t\t<\/div>\n\t\t\t\t<\/div>\n\t\t\t\t<div class=\"elementor-element elementor-element-0438257 elementor-widget elementor-widget-text-editor\" data-id=\"0438257\" data-element_type=\"widget\" data-e-type=\"widget\" data-widget_type=\"text-editor.default\">\n\t\t\t\t<div class=\"elementor-widget-container\">\n\t\t\t\t\t\t\t\t\t<p>Xiting AG<br \/>Ch\u00fcchelacherstrasse 5<br \/>8165 Sch\u00f6fflisdorf<br \/>Schweiz<\/p><p>Telefon: +41 43422 8803<br \/>Telefax: +41 43422 8793<br \/>E-Mail: <a href=\"mailto:info@xiting.ch\">info@xiting.ch<\/a><\/p>\t\t\t\t\t\t\t\t<\/div>\n\t\t\t\t<\/div>\n\t\t\t\t<div class=\"elementor-element elementor-element-02921d0 elementor-widget__width-initial elementor-invisible elementor-widget elementor-widget-heading\" data-id=\"02921d0\" data-element_type=\"widget\" data-e-type=\"widget\" data-settings=\"{&quot;_animation&quot;:&quot;fadeInUp&quot;}\" data-widget_type=\"heading.default\">\n\t\t\t\t<div class=\"elementor-widget-container\">\n\t\t\t\t\t<h2 class=\"elementor-heading-title elementor-size-default\">Handelsinformationen<\/h2>\t\t\t\t<\/div>\n\t\t\t\t<\/div>\n\t\t\t\t<div class=\"elementor-element elementor-element-ab56456 elementor-widget elementor-widget-text-editor\" data-id=\"ab56456\" data-element_type=\"widget\" data-e-type=\"widget\" data-widget_type=\"text-editor.default\">\n\t\t\t\t<div class=\"elementor-widget-container\">\n\t\t\t\t\t\t\t\t\t<p>Eingetragener Firmenname: Xiting AG<br \/>Umsatzsteuer-Identifikationsnummer: CHE-114.292.281<br \/>Handelsregisternummer: CH-020.4.037.718-4<\/p><p>Wir sind nicht bereit oder verpflichtet, an Streitbeilegungsverfahren vor einer Verbraucherschlichtungsstelle teilzunehmen.<\/p>\t\t\t\t\t\t\t\t<\/div>\n\t\t\t\t<\/div>\n\t\t\t\t<div class=\"elementor-element elementor-element-3e98927 elementor-widget__width-initial elementor-invisible elementor-widget elementor-widget-heading\" data-id=\"3e98927\" data-element_type=\"widget\" data-e-type=\"widget\" data-settings=\"{&quot;_animation&quot;:&quot;fadeInUp&quot;}\" data-widget_type=\"heading.default\">\n\t\t\t\t<div class=\"elementor-widget-container\">\n\t\t\t\t\t<h2 class=\"elementor-heading-title elementor-size-default\">Handelsinformationen<\/h2>\t\t\t\t<\/div>\n\t\t\t\t<\/div>\n\t\t\t\t<div class=\"elementor-element elementor-element-5b67d2f elementor-widget__width-initial elementor-invisible elementor-widget elementor-widget-heading\" data-id=\"5b67d2f\" data-element_type=\"widget\" data-e-type=\"widget\" data-settings=\"{&quot;_animation&quot;:&quot;fadeInUp&quot;}\" data-widget_type=\"heading.default\">\n\t\t\t\t<div class=\"elementor-widget-container\">\n\t\t\t\t\t<h3 class=\"elementor-heading-title elementor-size-default\">Haftung f\u00fcr Inhalte<\/h3>\t\t\t\t<\/div>\n\t\t\t\t<\/div>\n\t\t\t\t<div class=\"elementor-element elementor-element-81abde5 elementor-widget elementor-widget-text-editor\" data-id=\"81abde5\" data-element_type=\"widget\" data-e-type=\"widget\" data-widget_type=\"text-editor.default\">\n\t\t\t\t<div class=\"elementor-widget-container\">\n\t\t\t\t\t\t\t\t\t<p>Der Autor \u00fcbernimmt keinerlei Gew\u00e4hr hinsichtlich der inhaltlichen Richtigkeit, Genauigkeit, Aktualit\u00e4t, Zuverl\u00e4ssigkeit und Vollst\u00e4ndigkeit der Informationen. Haftungsanspr\u00fcche gegen den Autor wegen Sch\u00e4den materieller oder immaterieller Art, welche aus dem Zugriff oder der Nutzung bzw. Nichtnutzung der ver\u00f6ffentlichten Informationen, durch Missbrauch der Verbindung oder durch technische St\u00f6rungen entstanden sind, werden ausgeschlossen. Alle Angebote sind unverbindlich. Der Autor beh\u00e4lt es sich ausdr\u00fccklich vor, Teile der Seiten oder das gesamte Angebot ohne gesonderte Ank\u00fcndigung zu ver\u00e4ndern, zu erg\u00e4nzen, zu l\u00f6schen oder die Ver\u00f6ffentlichung zeitweise oder endg\u00fcltig einzustellen.<\/p>\t\t\t\t\t\t\t\t<\/div>\n\t\t\t\t<\/div>\n\t\t\t\t<div class=\"elementor-element elementor-element-6d3355f elementor-widget__width-initial elementor-invisible elementor-widget elementor-widget-heading\" data-id=\"6d3355f\" data-element_type=\"widget\" data-e-type=\"widget\" data-settings=\"{&quot;_animation&quot;:&quot;fadeInUp&quot;}\" data-widget_type=\"heading.default\">\n\t\t\t\t<div class=\"elementor-widget-container\">\n\t\t\t\t\t<h3 class=\"elementor-heading-title elementor-size-default\">Haftung f\u00fcr Links<\/h3>\t\t\t\t<\/div>\n\t\t\t\t<\/div>\n\t\t\t\t<div class=\"elementor-element elementor-element-a5d6c0c elementor-widget elementor-widget-text-editor\" data-id=\"a5d6c0c\" data-element_type=\"widget\" data-e-type=\"widget\" data-widget_type=\"text-editor.default\">\n\t\t\t\t<div class=\"elementor-widget-container\">\n\t\t\t\t\t\t\t\t\t<p>Verweise und Links auf Webseiten Dritter liegen ausserhalb unseres Verantwortungsbereichs Es wird jegliche Verantwortung f\u00fcr solche Webseiten abgelehnt. Der Zugriff und die Nutzung solcher Webseiten erfolgen auf eigene Gefahr des Nutzers oder der Nutzerin. F\u00fcr die Inhalte der verlinkten Seiten ist stets der jeweilige Anbieter oder Betreiber der Seiten verantwortlich.<\/p><p>Eine permanente inhaltliche Kontrolle der verlinkten Seiten ist ohne konkrete Anhaltspunkte einer Rechtsverletzung nicht zumutbar. Bei Bekanntwerden von Rechtsverletzungen werden wir derartige Links umgehend entfernen.<\/p>\t\t\t\t\t\t\t\t<\/div>\n\t\t\t\t<\/div>\n\t\t\t\t<div class=\"elementor-element elementor-element-45d7d4f elementor-widget__width-initial elementor-invisible elementor-widget elementor-widget-heading\" data-id=\"45d7d4f\" data-element_type=\"widget\" data-e-type=\"widget\" data-settings=\"{&quot;_animation&quot;:&quot;fadeInUp&quot;}\" data-widget_type=\"heading.default\">\n\t\t\t\t<div class=\"elementor-widget-container\">\n\t\t\t\t\t<h3 class=\"elementor-heading-title elementor-size-default\">Urheberrecht<\/h3>\t\t\t\t<\/div>\n\t\t\t\t<\/div>\n\t\t\t\t<div class=\"elementor-element elementor-element-667322f elementor-widget elementor-widget-text-editor\" data-id=\"667322f\" data-element_type=\"widget\" data-e-type=\"widget\" data-widget_type=\"text-editor.default\">\n\t\t\t\t<div class=\"elementor-widget-container\">\n\t\t\t\t\t\t\t\t\t<p>Die Urheber- und alle anderen Rechte an Inhalten, Bildern, Fotos oder anderen Dateien auf der Website geh\u00f6ren ausschliesslich der Firma Xiting AG oder den speziell genannten Rechtsinhabern. F\u00fcr die Reproduktion jeglicher Elemente ist die schriftliche Zustimmung der Urheberrechtstr\u00e4ger im Voraus einzuholen.<\/p><p>Soweit die Inhalte auf dieser Seite nicht vom Betreiber erstellt wurden, werden die Urheberrechte Dritter beachtet. Insbesondere werden Inhalte Dritter als solche gekennzeichnet. Sollten Sie trotzdem auf eine Urheberrechtsverletzung aufmerksam werden, bitten wir um einen entsprechenden Hinweis.<\/p>\t\t\t\t\t\t\t\t<\/div>\n\t\t\t\t<\/div>\n\t\t\t\t<div class=\"elementor-element elementor-element-6660b48 elementor-widget__width-initial elementor-invisible elementor-widget elementor-widget-heading\" data-id=\"6660b48\" data-element_type=\"widget\" data-e-type=\"widget\" data-settings=\"{&quot;_animation&quot;:&quot;fadeInUp&quot;}\" data-widget_type=\"heading.default\">\n\t\t\t\t<div class=\"elementor-widget-container\">\n\t\t\t\t\t<h3 class=\"elementor-heading-title elementor-size-default\">Quellenangaben f\u00fcr die verwendeten Bilder und Grafiken<\/h3>\t\t\t\t<\/div>\n\t\t\t\t<\/div>\n\t\t\t\t<div class=\"elementor-element elementor-element-654478d elementor-widget elementor-widget-text-editor\" data-id=\"654478d\" data-element_type=\"widget\" data-e-type=\"widget\" data-widget_type=\"text-editor.default\">\n\t\t\t\t<div class=\"elementor-widget-container\">\n\t\t\t\t\t\t\t\t\t<p><a href=\"http:\/\/www.stockphoto.com\">http:\/\/www.stockphoto.com<\/a><br \/><a href=\"https:\/\/pixabay.com\/de\/\">https:\/\/pixabay.com\/de\/<\/a><\/p>\t\t\t\t\t\t\t\t<\/div>\n\t\t\t\t<\/div>\n\t\t\t\t<\/div>\n\t\t\t\t\t<\/div>\n\t\t\t\t<\/div>\n\t\t\t\t<\/div>\n\t\t","protected":false},"excerpt":{"rendered":"<p>\/ Impressum Xiting Impressum Kontaktadresse Xiting AGCh\u00fcchelacherstrasse 58165 Sch\u00f6fflisdorfSchweiz Telefon: +41 43422 8803Telefax: +41 43422 8793E-Mail: info@xiting.ch Handelsinformationen Eingetragener Firmenname: Xiting AGUmsatzsteuer-Identifikationsnummer: CHE-114.292.281Handelsregisternummer: CH-020.4.037.718-4 Wir sind nicht bereit oder verpflichtet, an Streitbeilegungsverfahren vor einer Verbraucherschlichtungsstelle teilzunehmen. Handelsinformationen Haftung f\u00fcr Inhalte Der Autor \u00fcbernimmt keinerlei Gew\u00e4hr hinsichtlich der inhaltlichen Richtigkeit, Genauigkeit, Aktualit\u00e4t, Zuverl\u00e4ssigkeit und Vollst\u00e4ndigkeit der [&hellip;]<\/p>\n","protected":false},"author":3,"featured_media":0,"parent":0,"menu_order":0,"comment_status":"closed","ping_status":"closed","template":"","meta":{"_acf_changed":false,"content-type":"","footnotes":""},"categories":[],"class_list":["post-229","page","type-page","status-publish","hentry"],"acf":[],"yoast_head":"<!-- This site is optimized with the Yoast SEO Premium plugin v26.2 (Yoast SEO v27.3) - https:\/\/yoast.com\/product\/yoast-seo-premium-wordpress\/ -->\n<title>Impressum - Xiting<\/title>\n<meta name=\"robots\" content=\"noindex, nofollow\" \/>\n<meta property=\"og:locale\" content=\"de_DE\" \/>\n<meta property=\"og:type\" content=\"article\" \/>\n<meta property=\"og:title\" content=\"Impressum\" \/>\n<meta property=\"og:description\" content=\"\/ Impressum Xiting Impressum Kontaktadresse Xiting AGCh\u00fcchelacherstrasse 58165 Sch\u00f6fflisdorfSchweizTelefon: +41 43422 8803Telefax: +41 43422 8793E-Mail:\" \/>\n<meta property=\"og:url\" content=\"https:\/\/xiting.com\/de\/xiting-impressum\/\" \/>\n<meta property=\"og:site_name\" content=\"Xiting\" \/>\n<meta property=\"article:publisher\" content=\"https:\/\/www.facebook.com\/XitingAG\" \/>\n<meta property=\"article:modified_time\" content=\"2025-12-16T13:09:45+00:00\" \/>\n<meta property=\"og:image\" content=\"https:\/\/xiting.com\/wp-content\/uploads\/2019\/10\/rough-horn-2146181_1920.jpg\" \/>\n\t<meta property=\"og:image:width\" content=\"1800\" \/>\n\t<meta property=\"og:image:height\" content=\"1012\" \/>\n\t<meta property=\"og:image:type\" content=\"image\/jpeg\" \/>\n<meta name=\"twitter:card\" content=\"summary_large_image\" \/>\n<meta name=\"twitter:label1\" content=\"Gesch\u00e4tzte Lesezeit\" \/>\n\t<meta name=\"twitter:data1\" content=\"2 minutes\" \/>\n<script type=\"application\/ld+json\" class=\"yoast-schema-graph\">{\"@context\":\"https:\\\/\\\/schema.org\",\"@graph\":[{\"@type\":\"WebPage\",\"@id\":\"https:\\\/\\\/xiting.com\\\/de\\\/xiting-impressum\\\/\",\"url\":\"https:\\\/\\\/xiting.com\\\/de\\\/xiting-impressum\\\/\",\"name\":\"Impressum - Xiting\",\"isPartOf\":{\"@id\":\"https:\\\/\\\/xiting.com\\\/de\\\/#website\"},\"datePublished\":\"2019-10-02T12:11:57+00:00\",\"dateModified\":\"2025-12-16T13:09:45+00:00\",\"breadcrumb\":{\"@id\":\"https:\\\/\\\/xiting.com\\\/de\\\/xiting-impressum\\\/#breadcrumb\"},\"inLanguage\":\"de-DE\",\"potentialAction\":[{\"@type\":\"ReadAction\",\"target\":[\"https:\\\/\\\/xiting.com\\\/de\\\/xiting-impressum\\\/\"]}]},{\"@type\":\"BreadcrumbList\",\"@id\":\"https:\\\/\\\/xiting.com\\\/de\\\/xiting-impressum\\\/#breadcrumb\",\"itemListElement\":[{\"@type\":\"ListItem\",\"position\":1,\"name\":\"Home\",\"item\":\"https:\\\/\\\/xiting.com\\\/de\\\/\"},{\"@type\":\"ListItem\",\"position\":2,\"name\":\"Impressum\"}]},{\"@type\":\"WebSite\",\"@id\":\"https:\\\/\\\/xiting.com\\\/de\\\/#website\",\"url\":\"https:\\\/\\\/xiting.com\\\/de\\\/\",\"name\":\"Xiting\",\"description\":\"Your Expert for SAP Security\",\"publisher\":{\"@id\":\"https:\\\/\\\/xiting.com\\\/de\\\/#organization\"},\"potentialAction\":[{\"@type\":\"SearchAction\",\"target\":{\"@type\":\"EntryPoint\",\"urlTemplate\":\"https:\\\/\\\/xiting.com\\\/de\\\/?s={search_term_string}\"},\"query-input\":{\"@type\":\"PropertyValueSpecification\",\"valueRequired\":true,\"valueName\":\"search_term_string\"}}],\"inLanguage\":\"de-DE\"},{\"@type\":\"Organization\",\"@id\":\"https:\\\/\\\/xiting.com\\\/de\\\/#organization\",\"name\":\"Xiting\",\"url\":\"https:\\\/\\\/xiting.com\\\/de\\\/\",\"logo\":{\"@type\":\"ImageObject\",\"inLanguage\":\"de-DE\",\"@id\":\"https:\\\/\\\/xiting.com\\\/de\\\/#\\\/schema\\\/logo\\\/image\\\/\",\"url\":\"https:\\\/\\\/xiting.com\\\/wp-content\\\/uploads\\\/2019\\\/08\\\/xiting-logo.svg\",\"contentUrl\":\"https:\\\/\\\/xiting.com\\\/wp-content\\\/uploads\\\/2019\\\/08\\\/xiting-logo.svg\",\"width\":1,\"height\":1,\"caption\":\"Xiting\"},\"image\":{\"@id\":\"https:\\\/\\\/xiting.com\\\/de\\\/#\\\/schema\\\/logo\\\/image\\\/\"},\"sameAs\":[\"https:\\\/\\\/www.facebook.com\\\/XitingAG\",\"https:\\\/\\\/www.linkedin.com\\\/company\\\/1345129\\\/\",\"https:\\\/\\\/www.instagram.com\\\/xiting.global\\\/\"]}]}<\/script>\n<!-- \/ Yoast SEO Premium plugin. -->","yoast_head_json":{"title":"Impressum - Xiting","robots":{"index":"noindex","follow":"nofollow"},"og_locale":"de_DE","og_type":"article","og_title":"Impressum","og_description":"\/ Impressum Xiting Impressum Kontaktadresse Xiting AGCh\u00fcchelacherstrasse 58165 Sch\u00f6fflisdorfSchweizTelefon: +41 43422 8803Telefax: +41 43422 8793E-Mail:","og_url":"https:\/\/xiting.com\/de\/xiting-impressum\/","og_site_name":"Xiting","article_publisher":"https:\/\/www.facebook.com\/XitingAG","article_modified_time":"2025-12-16T13:09:45+00:00","og_image":[{"width":1800,"height":1012,"url":"https:\/\/xiting.com\/wp-content\/uploads\/2019\/10\/rough-horn-2146181_1920.jpg","type":"image\/jpeg"}],"twitter_card":"summary_large_image","twitter_misc":{"Gesch\u00e4tzte Lesezeit":"2 minutes"},"schema":{"@context":"https:\/\/schema.org","@graph":[{"@type":"WebPage","@id":"https:\/\/xiting.com\/de\/xiting-impressum\/","url":"https:\/\/xiting.com\/de\/xiting-impressum\/","name":"Impressum - Xiting","isPartOf":{"@id":"https:\/\/xiting.com\/de\/#website"},"datePublished":"2019-10-02T12:11:57+00:00","dateModified":"2025-12-16T13:09:45+00:00","breadcrumb":{"@id":"https:\/\/xiting.com\/de\/xiting-impressum\/#breadcrumb"},"inLanguage":"de-DE","potentialAction":[{"@type":"ReadAction","target":["https:\/\/xiting.com\/de\/xiting-impressum\/"]}]},{"@type":"BreadcrumbList","@id":"https:\/\/xiting.com\/de\/xiting-impressum\/#breadcrumb","itemListElement":[{"@type":"ListItem","position":1,"name":"Home","item":"https:\/\/xiting.com\/de\/"},{"@type":"ListItem","position":2,"name":"Impressum"}]},{"@type":"WebSite","@id":"https:\/\/xiting.com\/de\/#website","url":"https:\/\/xiting.com\/de\/","name":"Xiting","description":"Your Expert for SAP Security","publisher":{"@id":"https:\/\/xiting.com\/de\/#organization"},"potentialAction":[{"@type":"SearchAction","target":{"@type":"EntryPoint","urlTemplate":"https:\/\/xiting.com\/de\/?s={search_term_string}"},"query-input":{"@type":"PropertyValueSpecification","valueRequired":true,"valueName":"search_term_string"}}],"inLanguage":"de-DE"},{"@type":"Organization","@id":"https:\/\/xiting.com\/de\/#organization","name":"Xiting","url":"https:\/\/xiting.com\/de\/","logo":{"@type":"ImageObject","inLanguage":"de-DE","@id":"https:\/\/xiting.com\/de\/#\/schema\/logo\/image\/","url":"https:\/\/xiting.com\/wp-content\/uploads\/2019\/08\/xiting-logo.svg","contentUrl":"https:\/\/xiting.com\/wp-content\/uploads\/2019\/08\/xiting-logo.svg","width":1,"height":1,"caption":"Xiting"},"image":{"@id":"https:\/\/xiting.com\/de\/#\/schema\/logo\/image\/"},"sameAs":["https:\/\/www.facebook.com\/XitingAG","https:\/\/www.linkedin.com\/company\/1345129\/","https:\/\/www.instagram.com\/xiting.global\/"]}]}},"_links":{"self":[{"href":"https:\/\/xiting.com\/de\/wp-json\/wp\/v2\/pages\/229","targetHints":{"allow":["GET"]}}],"collection":[{"href":"https:\/\/xiting.com\/de\/wp-json\/wp\/v2\/pages"}],"about":[{"href":"https:\/\/xiting.com\/de\/wp-json\/wp\/v2\/types\/page"}],"author":[{"embeddable":true,"href":"https:\/\/xiting.com\/de\/wp-json\/wp\/v2\/users\/3"}],"replies":[{"embeddable":true,"href":"https:\/\/xiting.com\/de\/wp-json\/wp\/v2\/comments?post=229"}],"version-history":[{"count":10,"href":"https:\/\/xiting.com\/de\/wp-json\/wp\/v2\/pages\/229\/revisions"}],"predecessor-version":[{"id":56004,"href":"https:\/\/xiting.com\/de\/wp-json\/wp\/v2\/pages\/229\/revisions\/56004"}],"wp:attachment":[{"href":"https:\/\/xiting.com\/de\/wp-json\/wp\/v2\/media?parent=229"}],"wp:term":[{"taxonomy":"category","embeddable":true,"href":"https:\/\/xiting.com\/de\/wp-json\/wp\/v2\/categories?post=229"}],"curies":[{"name":"wp","href":"https:\/\/api.w.org\/{rel}","templated":true}]}}